{"id":2,"date":"2014-12-28T19:29:50","date_gmt":"2014-12-28T19:29:50","guid":{"rendered":"https:\/\/zwergenbasar.timm.schokokeks.net\/?page_id=2"},"modified":"2026-02-22T11:44:17","modified_gmt":"2026-02-22T11:44:17","slug":"beispiel-seite","status":"publish","type":"page","link":"https:\/\/zwergenbasar-enger.de\/","title":{"rendered":"Zwergenbasar-Enger"},"content":{"rendered":"<h3 style=\"text-align: center;\"><span style=\"color: #000000;\"><a href=\"https:\/\/zwergenbasar-enger.de\/wp-content\/uploads\/2018\/02\/20171007_124036.jpg\"><img loading=\"lazy\" decoding=\"async\" class=\"alignnone wp-image-314 size-medium\" src=\"https:\/\/zwergenbasar-enger.de\/wp-content\/uploads\/2018\/02\/20171007_124036-169x300.jpg\" alt=\"\" width=\"169\" height=\"300\" srcset=\"https:\/\/zwergenbasar-enger.de\/wp-content\/uploads\/2018\/02\/20171007_124036-169x300.jpg 169w, https:\/\/zwergenbasar-enger.de\/wp-content\/uploads\/2018\/02\/20171007_124036-768x1365.jpg 768w, https:\/\/zwergenbasar-enger.de\/wp-content\/uploads\/2018\/02\/20171007_124036-576x1024.jpg 576w, https:\/\/zwergenbasar-enger.de\/wp-content\/uploads\/2018\/02\/20171007_124036-700x1244.jpg 700w, https:\/\/zwergenbasar-enger.de\/wp-content\/uploads\/2018\/02\/20171007_124036-332x590.jpg 332w, https:\/\/zwergenbasar-enger.de\/wp-content\/uploads\/2018\/02\/20171007_124036.jpg 1195w\" sizes=\"auto, (max-width: 169px) 100vw, 169px\" \/><\/a><\/span><\/h3>\n<h3 style=\"text-align: center;\"><span style=\"color: #000000;\">Zwergenbasar Oldinghausen\/P\u00f6dinghausen &#8211;<\/span><br \/>\n<span style=\"color: #000000;\"> Der freundliche\u00a0 Kinderbasar f\u00fcr Enger und Umgebung<\/span><\/h3>\n<h3 style=\"text-align: center;\"><span style=\"color: #ff0000; font-size: revert;\"> N\u00e4chster Basar am 14. M\u00e4rz 2026<\/span><span style=\"color: #ff0000; font-size: revert;\">\u00a0von <\/span><span style=\"color: #ff0000;\">14-17 Uhr<br \/>\nSchwangere schon ab 13:30 Uhr<\/span><\/h3>\n<h4 style=\"text-align: center;\"><span style=\"color: #ff0000;\">Der Anmeldezeitraum ist beendet.<br \/>\nAlle ausgelosten Teilnehmer werden bis Dienstag, 24.2, per Mail benachrichtigt!<br \/>\n<span style=\"color: #000000;\">Wir versenden KEINE Mail, wenn jemand keine Nummer erhalten hat.<\/span><\/span><\/h4>\n<p style=\"text-align: center;\"><span style=\"color: #ff0000;\">\u00a0<\/span><span style=\"color: #000000;\"><a href=\"https:\/\/zwergenbasar-enger.de\/wp-content\/uploads\/2015\/01\/zwerg_orange-e1422192450739.png\"><img loading=\"lazy\" decoding=\"async\" class=\"alignnone wp-image-43\" src=\"https:\/\/zwergenbasar-enger.de\/wp-content\/uploads\/2015\/01\/zwerg_orange-228x300.png\" alt=\"zwerg_orange\" width=\"200\" height=\"254\" \/><\/a><br \/>\n<\/span><\/p>\n<p style=\"text-align: center;\"><span style=\"color: #000000;\">Unser Basar findet im Gemeindehaus der evangelischen Kirchengemeinde Ol-P\u00f6 in der Martinstra\u00dfe in Enger-P\u00f6dinghausen statt.<\/span><\/p>\n<p style=\"text-align: center;\"><span style=\"color: #000000;\">Der Zwergenbasar wird <strong>ausschlie\u00dflich von ehrenamtlichen Helfern und Helferinnen organisiert<\/strong> &#8211; immer mit einem L\u00e4cheln \ud83d\ude09<\/span><\/p>\n<p style=\"text-align: center;\"><span style=\"color: #000000;\">Der Erl\u00f6s kommt der Jugendarbeit in Enger und Umgebung sowie ausgesuchten Hilfsprojekten zugute.<\/span><\/p>\n<p style=\"text-align: center;\"><span style=\"color: #000000;\">Wir freuen uns auf Euch!<\/span><\/p>\n","protected":false},"excerpt":{"rendered":"<p>Zwergenbasar Oldinghausen\/P\u00f6dinghausen &#8211; Der freundliche\u00a0 Kinderbasar f\u00fcr Enger und Umgebung N\u00e4chster Basar am 14. M\u00e4rz 2026\u00a0von 14-17 Uhr Schwangere schon ab 13:30 Uhr Der Anmeldezeitraum ist beendet. Alle ausgelosten Teilnehmer werden bis Dienstag, 24.2, per Mail benachrichtigt! Wir versenden KEINE Mail, wenn jemand keine Nummer erhalten hat. \u00a0 Unser Basar &#8230;<\/p>\n","protected":false},"author":1,"featured_media":0,"parent":0,"menu_order":1,"comment_status":"closed","ping_status":"closed","template":"","meta":{"footnotes":""},"class_list":["post-2","page","type-page","status-publish","hentry","column","twocol"],"_links":{"self":[{"href":"https:\/\/zwergenbasar-enger.de\/index.php?rest_route=\/wp\/v2\/pages\/2","targetHints":{"allow":["GET"]}}],"collection":[{"href":"https:\/\/zwergenbasar-enger.de\/index.php?rest_route=\/wp\/v2\/pages"}],"about":[{"href":"https:\/\/zwergenbasar-enger.de\/index.php?rest_route=\/wp\/v2\/types\/page"}],"author":[{"embeddable":true,"href":"https:\/\/zwergenbasar-enger.de\/index.php?rest_route=\/wp\/v2\/users\/1"}],"replies":[{"embeddable":true,"href":"https:\/\/zwergenbasar-enger.de\/index.php?rest_route=%2Fwp%2Fv2%2Fcomments&post=2"}],"version-history":[{"count":135,"href":"https:\/\/zwergenbasar-enger.de\/index.php?rest_route=\/wp\/v2\/pages\/2\/revisions"}],"predecessor-version":[{"id":1182,"href":"https:\/\/zwergenbasar-enger.de\/index.php?rest_route=\/wp\/v2\/pages\/2\/revisions\/1182"}],"wp:attachment":[{"href":"https:\/\/zwergenbasar-enger.de\/index.php?rest_route=%2Fwp%2Fv2%2Fmedia&parent=2"}],"curies":[{"name":"wp","href":"https:\/\/api.w.org\/{rel}","templated":true}]}}