{"id":17,"date":"2015-01-23T20:30:50","date_gmt":"2015-01-23T20:30:50","guid":{"rendered":"https:\/\/zwergenbasar.timm.schokokeks.net\/?page_id=17"},"modified":"2026-02-01T15:56:15","modified_gmt":"2026-02-01T15:56:15","slug":"und-so-funktionierts","status":"publish","type":"page","link":"https:\/\/zwergenbasar-enger.de\/?page_id=17","title":{"rendered":"so gehts"},"content":{"rendered":"<h3><strong><span style=\"color: #000000;\">Teilnehmernummer<\/span><\/strong><\/h3>\n<div dir=\"ltr\">\n<p><span style=\"color: #000000;\">Unter allen angemeldeten Personen wird die <strong>festgesetzte Anzahl an Teilneh<\/strong>mer-Nr. von einer neutralen Person, die nicht mit dem Zwergenbasar verbunden ist, <strong>verlost<\/strong>.<\/span><\/p>\n<p><span style=\"color: #000000;\">Verbleibende Personen werden in eine \u201eNachr\u00fccker\u201cliste verlost.<\/span><\/p>\n<p><span style=\"color: #000000;\">Solltet Ihr Eure Anmeldung nicht wahrnehmen k\u00f6nnen, gebt uns bitte umgehend Bescheid, damit wir den \u201eNachr\u00fccker\u201c schnellstens informieren k\u00f6nnen.<\/span><\/p>\n<\/div>\n<div dir=\"ltr\">\n<h3><strong><span style=\"color: #000000;\">Welche Kleidung ist zum Verkauf zugelassen:<\/span><\/strong><\/h3>\n<p><span style=\"color: #000000;\">&#8211; f\u00fcr den Fr\u00fchjahrsbasar: Fr\u00fchjahrs- und Sommerkleidung in den Gr\u00f6\u00dfen 50 bis 170<\/span><\/p>\n<p><span style=\"color: #000000;\">&#8211; f\u00fcr den Herbstbasar: Herbst- und Winterkleidung in den Gr\u00f6\u00dfen 50 bis 170<\/span><\/p>\n<p><span style=\"color: #000000;\">Die abgegebene Kleidung muss gut erhalten, modern und gewaschen sein. Rei\u00dfverschl\u00fcsse m\u00fcssen funktionieren, Kn\u00f6pfe alle vorhanden sein. Die Kleidung darf keine L\u00f6cher aufweisen.<\/span><\/p>\n<p><span style=\"color: #000000;\">Au\u00dferdem nehmen wir Bettw\u00e4sche, Schlafs\u00e4cke, Umstandsmode, Badesachen (im Fr\u00fchjahr), Babybodys bis Gr\u00f6\u00dfe 104.<\/span><\/p>\n<p><span style=\"color: #000000;\">Mehrteilige Kleidungsst\u00fccke sind fest miteinander zu verbinden. Es haben sich Bindfaden und\/oder fest umwickeltes Kreppband bew\u00e4hrt.<\/span><\/p>\n<p><span style=\"color: #000000;\">Bitte <span class=\"Stil8\">nach Gr\u00f6\u00dfe sortieren und b\u00fcndeln<\/span> (z.B. mit Gummiband, Paketschnur&#8230;)und\u00a0 in die Kisten verpacken.<\/span><\/p>\n<p align=\"center\"><span style=\"color: #000000;\"><img loading=\"lazy\" decoding=\"async\" src=\".\/wp-content\/uploads\/2015\/01\/buendel.jpg\" alt=\"\" width=\"300\" height=\"225\" \/><\/span><\/p>\n<p class=\"Stil8\"><span style=\"color: #000000;\">&#8211; Schuhe, wie z.B. Sandalen, Gummistiefel, Haus- und Turnschuhe<\/span><\/p>\n<p><span style=\"color: #000000;\">Die Schuhe bitte vollst\u00e4ndig reinigen (auch die Sohlen m\u00fcssen <strong>vollst\u00e4ndig<\/strong> sauber sein!) und paarweise fest miteinander verbinden, z.B. mit den Schn\u00fcrb\u00e4ndern verknoten oder mit Kreppband umwickeln.<\/span><\/p>\n<h5 class=\"Stil8\" style=\"text-align: center;\"><strong>**Mengenbegrenzungen **<\/strong><\/h5>\n<h5 class=\"Stil8\" style=\"text-align: center;\"><strong>Aufgrund der gro\u00dfen Teilnehmerzahl und aus organisatorischen Gr\u00fcnden k\u00f6nnen pro Teilnehmer nur <\/strong><\/h5>\n<h5 class=\"Stil8\" style=\"text-align: center;\"><strong>* 2 W\u00e4schek\u00f6rbe mit Kleidung<\/strong><br \/>\n<strong>* max 4 Paar Schuhe<\/strong><br \/>\n<strong>* max 3 Jacken oder Schneeanz\u00fcge<br \/>\n<span style=\"color: #ff0000;\">* max 20 B\u00fccher pro Teilnehmer in einer separaten Kiste<\/span><\/strong><\/h5>\n<h5 class=\"Stil8\" style=\"text-align: center;\"><strong>abgegeben werden<\/strong><\/h5>\n<h3 class=\"Stil8\" style=\"text-align: left;\"><strong><span class=\"Stil4\" style=\"color: #000000;\">Welche weiteren Artikel sind zum Verkauf zugelassen:<\/span><\/strong><\/h3>\n<p><span style=\"color: #000000;\">Nachfolgend aufgef\u00fchrte Waren, wie Spielsachen u.\u00e4., werden unbegrenzt angenommen.<\/span><\/p>\n<p><span style=\"color: #000000;\">&#8211; Kinderb\u00fccher (unbedingt AKTUELL &#8211; und nicht die eigenen Jugendsch\u00e4tzchen) &#8211; <span style=\"color: #ff0000;\">ACHTUNG: ab sofort Mengenbegrenzung auf max 20 B\u00fccher pro Teilnehmer!<\/span>,<\/span><\/p>\n<p><span style=\"color: #000000;\">&#8211; Kinder-Kassetten und CDs, Kinder-DVDs (<strong>keine<\/strong> VHS Cassetten),<\/span><\/p>\n<p><span style=\"color: #000000;\">&#8211; Kinder- und Jugendspiele, Puzzle<\/span><\/p>\n<p><span style=\"color: #000000;\">&#8211; Kinderspielzeug jeglicher Art (<strong>KEINE<\/strong> Pl\u00fcschtiere!!!)<\/span><\/p>\n<p><span style=\"color: #000000;\">&#8211; Kinderfahrzeuge und \u2013gartenger\u00e4te (wie Schuppkarre)<\/span><\/p>\n<p><span style=\"color: #000000;\">&#8211; Babywiegen, Kinderbetten, T\u00fcrgitter, Hochst\u00fchle<\/span><\/p>\n<p><span style=\"color: #000000;\">Die Spielsachen\/B\u00fccher usw. bitte auch in K\u00f6rben anliefern. Bei den B\u00fccherk\u00f6rben bitte auf ein &#8222;tragbares&#8220; Gewicht achten &#8211; wir sind keine M\u00f6belpacker!<br \/>\n<\/span><\/p>\n<p><span style=\"color: #000000;\">Kinder- und Jugendspiele <strong>m\u00fcssen<\/strong> vollst\u00e4ndig sein (gilt insbesondere f\u00fcr Puzzles). Die Spielkartons sind mit Klebestreifen zu sichern, damit keine Teile herausfallen k\u00f6nnen. F\u00fcr Spielzeug-Kleinteile, mehrteilige Spielelemente und Verkaufs-Sets eignen sich durchsichtige Folient\u00fcten.<\/span><\/p>\n<p><span style=\"color: #000000;\">Sollten sich solche Sets im Vorfeld l\u00f6sen, werden sie nicht zum Verkauf zugelassen. W\u00e4hrend des Verkaufs wird keine Haftung \u00fcbernommen.<\/span><\/p>\n<h3 class=\"Stil8\" style=\"text-align: left;\" align=\"center\"><strong><span style=\"color: #000000;\">WIR NEHMEN NICHT AN:<\/span><\/strong><\/h3>\n<p><span style=\"color: #000000;\">&#8211; Waren in T\u00fcten oder Pappkartons<br \/>\n<\/span><span style=\"color: #000000;\">&#8211; M\u00fctzen<br \/>\n<\/span><span style=\"color: #000000;\">&#8211; Kuschel\/Pl\u00fcschtiere o.\u00e4.<\/span><\/p>\n<p><span style=\"color: #000000;\">&#8211; Socken<br \/>\n<\/span><span style=\"color: #000000;\">&#8211; Unterw\u00e4sche (nur Bodys bis Gr. 104 sind zugelassen)<br \/>\n<\/span><span style=\"color: #000000;\">&#8211; Kinderwagen\/Buggys<br \/>\n<\/span><span style=\"color: #000000;\">&#8211; Autositze\/Babyschalen<\/span><br \/>\n&#8211; Toilettensitze<\/p>\n<p><span style=\"color: #000000;\">Kinderwagen, Autositze und nicht transportable Teile vermitteln wir: Dazu bringen Sie bitte ein Foto mit, wo dieses mit evtl. Zubeh\u00f6r gut erkennbar abgebildet ist. Notiere deine Kontaktdaten. Das Angebot sollte ein DIN A4 Blatt nicht \u00fcberschreiten. Wir stellen dieses Angebot an einer Pinnwand aus. Die Vermittlung ist kostenfrei. Es handelt sich hierbei um Deinen Privatverkauf!<\/span><\/p>\n<h3 style=\"text-align: left;\" align=\"center\"><strong><span class=\"Stil4\" style=\"color: #000000;\">Warenkennzeichnung<\/span><\/strong><\/h3>\n<p><span style=\"color: #000000;\"><span class=\"Stil8\">Preis-Etiketten bitte gut lesbar beschriften<\/span> und auf der Vorderseite des Artikels anbringen. Hier hat sich Kreppband bew\u00e4hrt .<\/span><\/p>\n<p><span style=\"color: #000000;\">Gerade bei Jacken sollten Kontrollschilder im Inneren angebracht werden, da diese sich sehr oft abl\u00f6sen. Hier finden wir die L\u00f6sung von Kartonkarten am Aufh\u00e4nger auch sehr praktikabel.<\/span><\/p>\n<p><span style=\"color: #000000;\">Die Etiketten sind wie folgt zu beschriften:<\/span><\/p>\n<p><span style=\"color: #000000;\">Beispiel:(min.5x3cm)<\/span><\/p>\n<p align=\"center\"><span style=\"color: #000000;\"><img loading=\"lazy\" decoding=\"async\" src=\".\/wp-content\/uploads\/2015\/01\/etikett.jpg\" alt=\"\" width=\"300\" height=\"225\" \/><\/span><\/p>\n<h5><span style=\"color: #000000;\">Der Preis richtet sich nach Alter und Abnutzung, bitte legt ihn selbst fest.<\/span><\/h5>\n<h5><strong>&#8222;Alte&#8220; Teilnehmernummern nicht \u00fcberschreiben, sondern durch ein neues Etikett austauschen!<\/strong><\/h5>\n<h3 class=\"Stil3\" style=\"text-align: left;\" align=\"center\"><strong><span style=\"color: #000000;\"><span class=\"Stil4\">Wie mu\u00df die Ware abgegeben werden<\/span>:<\/span><\/strong><\/h3>\n<p><span style=\"color: #000000;\">Kleidung und auch Spielwaren\/B\u00fccher m\u00fcssen in Klapp\u2013 oder Stapelboxen bzw. W\u00e4schek\u00f6rben abgegeben werden, <span class=\"Stil5\"><span class=\"Stil8\">die mit Eurer gut lesbaren Teilnehmer-Nummer<\/span><\/span> versehen sein muss.<\/span><\/p>\n<p align=\"center\"><span style=\"color: #000000;\"><img loading=\"lazy\" decoding=\"async\" src=\".\/wp-content\/uploads\/2015\/01\/kiste.jpg\" alt=\"\" width=\"300\" height=\"400\" \/><\/span><\/p>\n<p class=\"Stil8\"><span style=\"color: #000000;\">Alte Teilnehmernummern unbedingt entfernen.<\/span><\/p>\n<p><span style=\"color: #000000;\">Gro\u00dfe Teile nehmen wir so entgegen.<\/span><\/p>\n<p class=\"Stil1 Stil9\"><span style=\"color: #000000;\">Die Abgabe der Kisten f\u00fcr den Herbstbasar 2025:<\/span><\/p>\n<p style=\"text-align: center;\"><strong><span style=\"color: #000000;\">Am Freitag, den 13.M\u00e4rz 2026 von <\/span><span style=\"color: #000000;\"><span style=\"color: #ff0000;\">14.30-17.00 Uhr<\/span><\/span><span style=\"color: #000000;\"> im Gemeindehaus Oldinghausen\/P\u00f6dinghausen<\/span><\/strong><\/p>\n<h3 style=\"text-align: center;\"><strong><span style=\"color: #ff0000;\">Nach 17 Uhr ist keine Annahme mehr m\u00f6glich!<\/span><\/strong><\/h3>\n<h3 class=\"Stil4\" style=\"text-align: left;\" align=\"center\"><strong><span style=\"color: #000000;\">Kaffeestube<\/span><\/strong><\/h3>\n<p><span style=\"color: #000000;\">Zus\u00e4tzlich zur Teilnehmergeb\u00fchr mu\u00df jeder Verk\u00e4ufer noch einen Kuchen f\u00fcr die Cafeteria abgeben.<\/span><br \/>\n<span style=\"color: #000000;\"> Mit Sahne oder anderen leicht verderblichen Inhaltsstoffen gebackener Kuchen darf nicht \u00e4lter als 24 h sein und muss bis zur Abgabe gek\u00fchlt stehen.<\/span><\/p>\n<p><span style=\"color: #000000;\">Bitte <span class=\"Stil8\">kennzeichnet Eure Tortenplatten<\/span>, -beh\u00e4lter und Bleche mit Eurer Teilnehmer-Nr.<\/span><\/p>\n<p><span style=\"color: #000000;\">Hierf\u00fcr hat sich Pflaster bew\u00e4hrt.<\/span><\/p>\n<p align=\"center\"><span style=\"color: #000000;\"><img loading=\"lazy\" decoding=\"async\" src=\".\/wp-content\/uploads\/2015\/01\/DSC_0094.jpg\" alt=\"\" width=\"422\" height=\"277\" \/><\/span><\/p>\n<\/div>\n<div dir=\"ltr\">\n<p><span style=\"color: #000000;\">Oft l\u00f6sen sich die Kennzeichnungen im Wasser ab. Bitte gebt uns daher auch nicht Euer \u201eHerzst\u00fcck\u201c.<\/span><\/p>\n<p align=\"center\"><span style=\"color: #000000;\"><img loading=\"lazy\" decoding=\"async\" src=\".\/wp-content\/uploads\/2015\/01\/DSCN7785.jpg\" alt=\"\" width=\"422\" height=\"277\" \/><\/span><\/p>\n<p style=\"text-align: center;\"><strong><span style=\"color: #000000;\">Bitte gebt Euren Kuchen am Samstag, den 14. M\u00e4rz 2026 in der Zeit von 12.45 bis 13.30 Uhr im Gemeindehaus Oldinghausen\/P\u00f6dinghausen ab.<\/span><\/strong><\/p>\n<p style=\"text-align: center;\"><strong><span style=\"color: #000000;\">Eine sp\u00e4tere Abgabe ist nicht m\u00f6glich, da der Verkauf um 13.30 Uhr beginnt und die Kuchen dann nicht mehr von uns angenommen werden k\u00f6nnen. Bei Nichtabgabe berechnen wir eine Geb\u00fchr von 10,00 Euro.<\/span><\/strong><\/p>\n<p align=\"center\"><span style=\"color: #000000;\"><img loading=\"lazy\" decoding=\"async\" src=\".\/wp-content\/uploads\/2015\/01\/DSC_0106.jpg\" alt=\"\" width=\"422\" height=\"277\" \/><\/span><\/p>\n<h2><span style=\"color: #000000;\">\u00a0<\/span><\/h2>\n<h3 class=\"Stil4\" style=\"text-align: left;\" align=\"center\"><strong><span style=\"color: #000000;\">R\u00fcckgabe und Abrechnung<\/span><\/strong><\/h3>\n<p><span style=\"color: #000000;\">Waren, die am Samstag nicht verkauft worden sind, k\u00f6nnen am Montag, den 16. M\u00e4rz 2026 in der Zeit <strong><span style=\"color: #ff0000;\">von 18.00 bis 19.00 Uhr<\/span><\/strong> wieder abgeholt werden. Ebenso findet die Auszahlung Eures Erl\u00f6ses statt.<\/span><\/p>\n<p><span style=\"color: #000000;\">Wir haben bei der Annahme die abgegebene Anzahl der Kisten und Gro\u00dfteile notiert. Bitte nehmet alle Kisten und ggf. nicht verkaufte Gro\u00dfteile wieder mit! Kuchenplatten nicht vergessen!<br \/>\n<\/span><\/p>\n<p><span style=\"color: #000000;\">Als Teilnehmer-Geb\u00fchr werden 10 Prozent des Erl\u00f6ses der verkauften Ware f\u00fcr einen guten Zweck einbehalten &#8211; der Erl\u00f6s jedes einzelnen Verk\u00e4ufers wir auf glatte 10cent-Betr\u00e4ge abgerundet!<\/span><\/p>\n<p><span style=\"color: #000000;\">z.B.: bei einem Kleidungsst\u00fcck mit einem ausgezeichneten Preis von 5 \u20ac werden 0,50 \u20ac f\u00fcr den guten Zweck einbehalten und 4,50 \u20ac werden an den Verk\u00e4ufer ausgezahlt.<\/span><\/p>\n<p><span style=\"color: #000000;\">Da Teile ihre Ursprungs-Etiketten verlieren k\u00f6nnen oder geb\u00fcndelte Teile sich ge\u00f6ffnet haben, stellen wir am Eingang alle nicht zuzuordnenden Teile aus. Schaut bei der Abholung bitte auch dort nach!<\/span><\/p>\n<p><span style=\"color: #000000;\">Bitte kontrolliert Eure K\u00f6rbe direkt vor Ort nach falsch zugeordneten Teilen!<\/span><\/p>\n<p><span style=\"color: #000000;\">Der Erl\u00f6s kommt zum Projekten im Bereich der Kinder- und Jugendarbeit zugute.<\/span><\/p>\n<p><span style=\"color: #000000;\">N\u00e4here Informationen hierzu k\u00f6nnt Ihr der Tagespresse ca. 4 Wochen vor dem kommenden Basar entnehmen.<\/span><\/p>\n<h3><span style=\"color: #000000;\">\u00a0<\/span><\/h3>\n<h3 style=\"text-align: left;\" align=\"center\"><strong><span class=\"Stil4\" style=\"color: #000000;\">Gew\u00e4hrleistung<\/span><\/strong><\/h3>\n<p><span style=\"color: #000000;\">Das Organisationsteam und die Kirchengemeinde \u00fcbernehmen f\u00fcr die zum Verkauf ausgestellten Waren und Geschirr bei Besch\u00e4digung oder Verlust keine Haftung.<\/span><\/p>\n<p><span style=\"color: #000000;\">Mit der Abgabe von Waren und Geschirr werden die Verkaufsbedingungen unwiderruflich angenommen.<\/span><\/p>\n<h3 class=\"Stil3\" align=\"center\"><span style=\"color: #000000;\">WICHTIG &#8211; aus gegebenem Anlass!!!<\/span><\/h3>\n<p><span style=\"color: #000000;\">Bei Nicht-Einhaltung der Annahmebedingungen (wie z.B. nicht nach Gr\u00f6\u00dfen geb\u00fcndelte Kleidung usw.) behalten wir uns vor, von Euch einen angemessenen Betrag f\u00fcr unsere dadurch entstehenden Mehraufwand einzubehalten.<\/span><\/p>\n<p><span style=\"color: #000000;\">Daher: Bitte lest die Annahmebedingungen AUFMERKSAM durch, wichtige Schritte sind auch auf dieser Homepage detailliert bebildert!!!<\/span><\/p>\n<\/div>\n<h3 class=\"Stil2\" align=\"center\"><span style=\"color: #000000;\">\u00a0<\/span><\/h3>\n","protected":false},"excerpt":{"rendered":"<p>Teilnehmernummer Unter allen angemeldeten Personen wird die festgesetzte Anzahl an Teilnehmer-Nr. von einer neutralen Person, die nicht mit dem Zwergenbasar verbunden ist, verlost. Verbleibende Personen werden in eine \u201eNachr\u00fccker\u201cliste verlost. Solltet Ihr Eure Anmeldung nicht wahrnehmen k\u00f6nnen, gebt uns bitte umgehend Bescheid, damit wir den \u201eNachr\u00fccker\u201c schnellstens informieren k\u00f6nnen. Welche &#8230;<\/p>\n","protected":false},"author":1,"featured_media":0,"parent":0,"menu_order":3,"comment_status":"closed","ping_status":"closed","template":"","meta":{"footnotes":""},"class_list":["post-17","page","type-page","status-publish","hentry","column","twocol"],"_links":{"self":[{"href":"https:\/\/zwergenbasar-enger.de\/index.php?rest_route=\/wp\/v2\/pages\/17","targetHints":{"allow":["GET"]}}],"collection":[{"href":"https:\/\/zwergenbasar-enger.de\/index.php?rest_route=\/wp\/v2\/pages"}],"about":[{"href":"https:\/\/zwergenbasar-enger.de\/index.php?rest_route=\/wp\/v2\/types\/page"}],"author":[{"embeddable":true,"href":"https:\/\/zwergenbasar-enger.de\/index.php?rest_route=\/wp\/v2\/users\/1"}],"replies":[{"embeddable":true,"href":"https:\/\/zwergenbasar-enger.de\/index.php?rest_route=%2Fwp%2Fv2%2Fcomments&post=17"}],"version-history":[{"count":44,"href":"https:\/\/zwergenbasar-enger.de\/index.php?rest_route=\/wp\/v2\/pages\/17\/revisions"}],"predecessor-version":[{"id":970,"href":"https:\/\/zwergenbasar-enger.de\/index.php?rest_route=\/wp\/v2\/pages\/17\/revisions\/970"}],"wp:attachment":[{"href":"https:\/\/zwergenbasar-enger.de\/index.php?rest_route=%2Fwp%2Fv2%2Fmedia&parent=17"}],"curies":[{"name":"wp","href":"https:\/\/api.w.org\/{rel}","templated":true}]}}