{"id":15,"date":"2015-01-23T20:30:16","date_gmt":"2015-01-23T20:30:16","guid":{"rendered":"https:\/\/zwergenbasar.timm.schokokeks.net\/?page_id=15"},"modified":"2026-02-01T15:41:46","modified_gmt":"2026-02-01T15:41:46","slug":"termine-anmeldung","status":"publish","type":"page","link":"https:\/\/zwergenbasar-enger.de\/?page_id=15","title":{"rendered":"Wichtig!!"},"content":{"rendered":"<p style=\"text-align: center;\"><strong>Herbstbasar 10.10.2026 &#8211; 14-17 Uhr<\/strong><\/p>\n<p style=\"text-align: center;\">Schwangere (<span style=\"color: #ff0000;\"><strong>gegen Vorlage des Mutterpasses<\/strong><\/span>) und Eltern<br \/>\nmit kleinen Babys <strong><span style=\"color: #ff0000;\">(bis 6 Monate)<\/span> <\/strong>d\u00fcrfen schon ab 13:30 Uhr st\u00f6bern (<strong><span style=\"color: #ff0000;\">max. 1 Begleitperson<\/span><\/strong>) !<\/p>\n<p style=\"text-align: center;\">*************************<\/p>\n<p align=\"center\">An unsere Helfer<\/p>\n<p align=\"center\">Wir hoffen, dass Ihr auch bei diesem Basar wieder voller Elan und mit Freude dabei seid.<\/p>\n<p align=\"center\">Ohne Helfer w\u00e4re dieser Basar so nicht zu organisieren.<\/p>\n<p align=\"center\">Wir brauchen immer engagierte und tatkr\u00e4ftige Frauen und M\u00e4nner, die uns an den drei Tagen beim Auf- und Abbau, beim Verkauf und Zur\u00fccksortieren unterst\u00fctzen.<\/p>\n<p align=\"center\">Wer Lust, Laune und Zeit hat, beim n\u00e4chsten Basar zu helfen, melde sich bitte unter der email-Adresse famhaase (at) gmx.de oder telefonisch bei Heike, Anja oder Silke .<\/p>\n<p align=\"center\">Wir freuen uns auf Euch!<\/p>\n<p align=\"center\"><a href=\"https:\/\/zwergenbasar-enger.de\/wp-content\/uploads\/2018\/02\/20150314_171320.jpg\"><img loading=\"lazy\" decoding=\"async\" class=\"alignnone wp-image-318 size-medium\" src=\"https:\/\/zwergenbasar-enger.de\/wp-content\/uploads\/2018\/02\/20150314_171320-300x169.jpg\" alt=\"\" width=\"300\" height=\"169\" srcset=\"https:\/\/zwergenbasar-enger.de\/wp-content\/uploads\/2018\/02\/20150314_171320-300x169.jpg 300w, https:\/\/zwergenbasar-enger.de\/wp-content\/uploads\/2018\/02\/20150314_171320-768x432.jpg 768w, https:\/\/zwergenbasar-enger.de\/wp-content\/uploads\/2018\/02\/20150314_171320-700x393.jpg 700w, https:\/\/zwergenbasar-enger.de\/wp-content\/uploads\/2018\/02\/20150314_171320-332x187.jpg 332w, https:\/\/zwergenbasar-enger.de\/wp-content\/uploads\/2018\/02\/20150314_171320.jpg 819w\" sizes=\"auto, (max-width: 300px) 100vw, 300px\" \/><\/a><\/p>\n<p align=\"center\"><a href=\"https:\/\/zwergenbasar-enger.de\/wp-content\/uploads\/2018\/02\/20171007_131856.jpg\"><img loading=\"lazy\" decoding=\"async\" class=\"alignnone wp-image-316 size-medium\" src=\"https:\/\/zwergenbasar-enger.de\/wp-content\/uploads\/2018\/02\/20171007_131856-300x169.jpg\" alt=\"\" width=\"300\" height=\"169\" srcset=\"https:\/\/zwergenbasar-enger.de\/wp-content\/uploads\/2018\/02\/20171007_131856-300x169.jpg 300w, https:\/\/zwergenbasar-enger.de\/wp-content\/uploads\/2018\/02\/20171007_131856-768x432.jpg 768w, https:\/\/zwergenbasar-enger.de\/wp-content\/uploads\/2018\/02\/20171007_131856-1024x576.jpg 1024w, https:\/\/zwergenbasar-enger.de\/wp-content\/uploads\/2018\/02\/20171007_131856-700x393.jpg 700w, https:\/\/zwergenbasar-enger.de\/wp-content\/uploads\/2018\/02\/20171007_131856-332x187.jpg 332w\" sizes=\"auto, (max-width: 300px) 100vw, 300px\" \/><\/a><\/p>\n","protected":false},"excerpt":{"rendered":"<p>Herbstbasar 10.10.2026 &#8211; 14-17 Uhr Schwangere (gegen Vorlage des Mutterpasses) und Eltern mit kleinen Babys (bis 6 Monate) d\u00fcrfen schon ab 13:30 Uhr st\u00f6bern (max. 1 Begleitperson) ! ************************* An unsere Helfer Wir hoffen, dass Ihr auch bei diesem Basar wieder voller Elan und mit Freude dabei seid. Ohne Helfer &#8230;<\/p>\n","protected":false},"author":1,"featured_media":0,"parent":0,"menu_order":4,"comment_status":"closed","ping_status":"closed","template":"","meta":{"footnotes":""},"class_list":["post-15","page","type-page","status-publish","hentry","column","twocol"],"_links":{"self":[{"href":"https:\/\/zwergenbasar-enger.de\/index.php?rest_route=\/wp\/v2\/pages\/15","targetHints":{"allow":["GET"]}}],"collection":[{"href":"https:\/\/zwergenbasar-enger.de\/index.php?rest_route=\/wp\/v2\/pages"}],"about":[{"href":"https:\/\/zwergenbasar-enger.de\/index.php?rest_route=\/wp\/v2\/types\/page"}],"author":[{"embeddable":true,"href":"https:\/\/zwergenbasar-enger.de\/index.php?rest_route=\/wp\/v2\/users\/1"}],"replies":[{"embeddable":true,"href":"https:\/\/zwergenbasar-enger.de\/index.php?rest_route=%2Fwp%2Fv2%2Fcomments&post=15"}],"version-history":[{"count":46,"href":"https:\/\/zwergenbasar-enger.de\/index.php?rest_route=\/wp\/v2\/pages\/15\/revisions"}],"predecessor-version":[{"id":969,"href":"https:\/\/zwergenbasar-enger.de\/index.php?rest_route=\/wp\/v2\/pages\/15\/revisions\/969"}],"wp:attachment":[{"href":"https:\/\/zwergenbasar-enger.de\/index.php?rest_route=%2Fwp%2Fv2%2Fmedia&parent=15"}],"curies":[{"name":"wp","href":"https:\/\/api.w.org\/{rel}","templated":true}]}}