{"id":13,"date":"2015-01-23T20:28:50","date_gmt":"2015-01-23T20:28:50","guid":{"rendered":"https:\/\/zwergenbasar.timm.schokokeks.net\/?page_id=13"},"modified":"2025-10-12T17:25:29","modified_gmt":"2025-10-12T17:25:29","slug":"wir-ueber-uns","status":"publish","type":"page","link":"https:\/\/zwergenbasar-enger.de\/?page_id=13","title":{"rendered":"wir \u00fcber uns"},"content":{"rendered":"<p style=\"text-align: center;\" align=\"center\">&#8230;und so l\u00e4uft ein Basar ab:<\/p>\n<p style=\"text-align: center;\" align=\"center\">Bei jedem Basar sind rund 40 flei\u00dfige ehrenamtliche Helferlein im Einsatz. Es werden Tische, St\u00fchle und Regale an die vorgesehenen Stellen ger\u00e4umt.<br \/>\nPro Basar werden ca. 450 K\u00f6rbe und viele gr\u00f6\u00dfere Teile, wie Laufst\u00e4lle, Betten, Gitter und Fahrr\u00e4der sortiert.<\/p>\n<p style=\"text-align: center;\" align=\"center\">Aus einem anf\u00e4nglich anscheinend un\u00fcbersichtlichen Kn\u00e4uel von unz\u00e4hlbar vielen Spielsachen, Zubeh\u00f6r und Kleidungsst\u00fccken entsteht dank der unerm\u00fcdlichen Helfer ein geordneter, freundlicher Verkaufsraum.<\/p>\n<p style=\"text-align: center;\" align=\"center\"><img loading=\"lazy\" decoding=\"async\" src=\".\/wp-content\/uploads\/2015\/01\/DSC_0132.jpg\" alt=\"\" width=\"358\" height=\"239\" \/><\/p>\n<p style=\"text-align: center;\" align=\"center\"><img loading=\"lazy\" decoding=\"async\" src=\".\/wp-content\/uploads\/2015\/01\/MG_8628.jpg\" alt=\"\" width=\"250\" height=\"165\" \/><\/p>\n<p style=\"text-align: center;\" align=\"center\"><img loading=\"lazy\" decoding=\"async\" src=\".\/wp-content\/uploads\/2015\/01\/MG_8633.jpg\" alt=\"\" width=\"165\" height=\"250\" \/><\/p>\n<p style=\"text-align: center;\" align=\"center\"><img loading=\"lazy\" decoding=\"async\" src=\".\/wp-content\/uploads\/2015\/01\/MG_8635.jpg\" alt=\"\" width=\"250\" height=\"165\" \/><\/p>\n<p style=\"text-align: center;\" align=\"center\"><img loading=\"lazy\" decoding=\"async\" src=\".\/wp-content\/uploads\/2015\/01\/MG_8639.jpg\" alt=\"\" width=\"250\" height=\"165\" \/><\/p>\n<p style=\"text-align: center;\" align=\"center\"><img loading=\"lazy\" decoding=\"async\" src=\".\/wp-content\/uploads\/2015\/01\/DSC_0135.jpg\" alt=\"\" width=\"250\" height=\"165\" \/><\/p>\n<p style=\"text-align: center;\" align=\"center\">Nach dem Verkauf werden die verbliebenen Sachen wieder nach Teilnehmernummern zusammengelegt in die K\u00f6rbe zur\u00fccksortiert. Tische werden wieder abtransportiert und die R\u00e4ume werden wieder in den &#8222;Ur-Zustand&#8220; zur\u00fcckversetzt.<\/p>\n<p style=\"text-align: center;\" align=\"center\"><strong>Die gesamte Vorbereitung und Durchf\u00fchrung des Zwergenbasars ist sehr zeitintensiv und wird von uns ehrenamtlich organisiert, wir bitten, dies immer zu ber\u00fccksichtigen.<\/strong><\/p>\n<p style=\"text-align: center;\" align=\"center\">Mit dem Erl\u00f6s aus jedem Basar wird es uns erm\u00f6glicht, unter anderem Kinder in unserer Gemeinde durch Spenden zu unterst\u00fctzen. Zum Beispiel den Kinderg\u00e4rten, der Schulbetreuung, den Ferienspielen usw. Au\u00dferdem unterst\u00fctzen wir durch die Spenden verschiedene Projekte, die Kindern und Jugendlichen helfen.<\/p>\n<p style=\"text-align: center;\" align=\"center\">Das alles ist nur durch den tollen Einsatz unserer Helfer m\u00f6glich und durch den Erl\u00f6s, den wir durch Dich als Teilnehmer erzielen.<\/p>\n<p style=\"text-align: center;\" align=\"center\">Auf diesem Wege m\u00f6chten wir allen Helfern und Teilnehmern herzlichst danken!!!<\/p>\n<p style=\"text-align: center;\" align=\"center\">Kontakt nur per mail m\u00f6glich!<\/p>\n<p style=\"text-align: center;\" align=\"center\">Anja Creutziger<br \/>\nHeike Haase<br \/>\nSilke Timm<\/p>\n<p align=\"center\">info(@) zwergenbasar-enger.de<\/p>\n","protected":false},"excerpt":{"rendered":"<p>&#8230;und so l\u00e4uft ein Basar ab: Bei jedem Basar sind rund 40 flei\u00dfige ehrenamtliche Helferlein im Einsatz. Es werden Tische, St\u00fchle und Regale an die vorgesehenen Stellen ger\u00e4umt. Pro Basar werden ca. 450 K\u00f6rbe und viele gr\u00f6\u00dfere Teile, wie Laufst\u00e4lle, Betten, Gitter und Fahrr\u00e4der sortiert. Aus einem anf\u00e4nglich anscheinend un\u00fcbersichtlichen &#8230;<\/p>\n","protected":false},"author":1,"featured_media":0,"parent":0,"menu_order":2,"comment_status":"closed","ping_status":"closed","template":"","meta":{"footnotes":""},"class_list":["post-13","page","type-page","status-publish","hentry","column","twocol"],"_links":{"self":[{"href":"https:\/\/zwergenbasar-enger.de\/index.php?rest_route=\/wp\/v2\/pages\/13","targetHints":{"allow":["GET"]}}],"collection":[{"href":"https:\/\/zwergenbasar-enger.de\/index.php?rest_route=\/wp\/v2\/pages"}],"about":[{"href":"https:\/\/zwergenbasar-enger.de\/index.php?rest_route=\/wp\/v2\/types\/page"}],"author":[{"embeddable":true,"href":"https:\/\/zwergenbasar-enger.de\/index.php?rest_route=\/wp\/v2\/users\/1"}],"replies":[{"embeddable":true,"href":"https:\/\/zwergenbasar-enger.de\/index.php?rest_route=%2Fwp%2Fv2%2Fcomments&post=13"}],"version-history":[{"count":13,"href":"https:\/\/zwergenbasar-enger.de\/index.php?rest_route=\/wp\/v2\/pages\/13\/revisions"}],"predecessor-version":[{"id":928,"href":"https:\/\/zwergenbasar-enger.de\/index.php?rest_route=\/wp\/v2\/pages\/13\/revisions\/928"}],"wp:attachment":[{"href":"https:\/\/zwergenbasar-enger.de\/index.php?rest_route=%2Fwp%2Fv2%2Fmedia&parent=13"}],"curies":[{"name":"wp","href":"https:\/\/api.w.org\/{rel}","templated":true}]}}